{"id":17,"date":"2020-11-08T13:40:25","date_gmt":"2020-11-08T12:40:25","guid":{"rendered":"https:\/\/hubel-lenk.ch\/wordpress\/?page_id=17"},"modified":"2025-07-16T22:13:58","modified_gmt":"2025-07-16T21:13:58","slug":"gut-zu-wissen","status":"publish","type":"page","link":"https:\/\/hubel-lenk.ch\/wordpress\/gut-zu-wissen\/","title":{"rendered":"Gut zu wissen"},"content":{"rendered":"\n<p>Aktuelle Webcam-Bilder &#8211; Checklisten f\u00fcr Ankunft <a href=\"#AnkunftWinter\">Winter<\/a> \/ Sommer &#8211; Abreise <a href=\"#AbreiseWinter\">Winter<\/a> \/ <a href=\"#AbreiseSommer\">Sommer<\/a><\/p>\n\n\n\n<iframe loading=\"lazy\" src=\"\/\/webtv.feratel.com\/webtv\/?design=v5&amp;t=1&amp;cam=4230\" width=\"100%\" height=\"600\" frameborder=\"0\" scrolling=\"no\"><\/iframe>\n\n\n\n<h2 class=\"wp-block-heading\" id=\"AnkunftWinter\">Checkliste Ankunft (WINTER)<\/h2>\n\n\n\n<figure class=\"wp-block-table\"><table><tbody><tr><td>&nbsp;<input type=\"checkbox\">&nbsp;<\/td><td><strong>Elektro-Vorheizung <\/strong>von Zuhause aus einschalten Tel Nr 077 424 31 91 &nbsp;\/&nbsp; Code &nbsp;((bei <a href=\"mailto:urban.frei@mail.ch\">Urban<\/a> erfragen, falls nicht bekannt))&nbsp; Ger\u00e4t gibt Antwort&nbsp; \u00abON und liefert die Temperatur in \u00b0C\u00bb. Heizt die untere K\u00fcche innert 5 bis 6 Std elektrisch auf ca. 20 Grad.<\/td><\/tr><tr><td>&nbsp;<input type=\"checkbox\">&nbsp;<\/td><td><strong>Strassenzustand<\/strong> f\u00fcr die Hubel-Strasse bei H.-P. Dubi nachfragen&nbsp; 079 656 74 40 , er w\u00fcrde auch pfl\u00fcgen wenn n\u00f6tig<\/td><\/tr><tr><td><\/td><td><strong>Heizung:<\/strong> Zur Sicherheit <strong>zuerst<\/strong> eine zerkn\u00fcllte Zeitung in den Ofen stecken und anz\u00fcnden. Verhindert \u201eOfehuuri\u201c und Rauch in der K\u00fcche. Erst wenn Ofen brennt, Wasser anstellen wegen K\u00e4ltschock in den Leitungen.<\/td><\/tr><tr><td><\/td><td><strong>Wasser anstellen im Stall:<\/strong> Alle <em><u>Warm<\/u><\/em>wasserhahnen im Haus schliessen, Kalt offen lassen . Bei extremer K\u00e4lte zuerst ca. 1h heizen, bevor das Wasser in die Leitungen gelassen wird. <br>Haupthahn im Stall, hinter den S\u00e4cken, oben rechts, \u00f6ffnen (Viertelsdrehung) <br>Aus dem kleinen Hahnen einen Moment Wasser auslaufen lassen in Kessel, <br>Entleerungshahn schliessen (nicht zumurksen!) <br>Kaltwasser Hahnen im Haus erst schliessen, wenn kein tr\u00fcbes Wasser mehr kommt. Lange laufen lassen, das Wasser ist gratis<\/td><\/tr><tr><td>&nbsp;<input type=\"checkbox\">&nbsp;<\/td><td><strong>Boiler einschalten<\/strong><\/td><\/tr><tr><td>&nbsp;<input type=\"checkbox\">&nbsp;<\/td><td>Im Keller muss der Boiler wieder auf 60 Grad hochgestellt werden. Abdeckung am Hauptboiler vorne wegnehmen und am Thermostat mit dem Schraubenzieher von 20 auf 60 hoch stellen. Am Schlattableau oben auf der Laube (neu im Holzkasten) den Knopf dr\u00fccken, dass beim Hauptboiler Tagheizung einschaltet. Ohne das heizt dann der Boiler erst am Abend um 22 Uhr auf. &nbsp;<\/td><\/tr><tr><td>&nbsp;<input type=\"checkbox\">&nbsp;<\/td><td><strong>Werkstatt &#8211;<\/strong>Schl\u00fcssel ist in der K\u00fcche aufgeh\u00e4ngt, falls Werkzeuge ben\u00f6tigt werden, die nicht im Werkzeugkasten in der K\u00fcche sind. &nbsp;<\/td><\/tr><tr><td>&nbsp;<input type=\"checkbox\">&nbsp;<\/td><td><strong>Stromschiene<\/strong> beim Fernseher einschalten. Alle Ger\u00e4te h\u00e4ngen dort dran. Der Fernseher funktioniert \u00fcber Satelliten-Sch\u00fcssel. Detail-Anleitung auf A4-Bl\u00e4ttern befolgen! &nbsp;<\/td><\/tr><tr><td>&nbsp;<input type=\"checkbox\">&nbsp;<\/td><td><strong>Heizungs-Umw\u00e4lzpumpe<\/strong> muss in Betrieb bleiben (gr\u00fcnes L\u00e4mpchen brennt) &nbsp;<\/td><\/tr><tr><td><\/td><td><strong>Elektroofen ausziehen <\/strong>und in\u2019s Schlafzimmer stellen. Muss bei der Abreise wieder eingerichtet werden. &nbsp;<\/td><\/tr><tr><td>&nbsp;<input type=\"checkbox\">&nbsp;<\/td><td><strong>Radiatoren <\/strong>im Haus so \u00f6ffnen und schliessen, dass es optimal heizt. Falls \u00dcberhitzung des Heizkreislaufes droht, zus\u00e4tzliche Radiatoren \u00f6ffnen. Es m\u00fcssen bei der Abreise unbedingt alle Radiatoren offen sein!<\/td><\/tr><tr><td><\/td><td><strong>&nbsp;&nbsp;&nbsp;&nbsp;&nbsp;&nbsp;&nbsp;&nbsp;&nbsp;&nbsp;&nbsp;&nbsp;&nbsp;&nbsp;&nbsp;&nbsp;&nbsp;&nbsp;&nbsp;&nbsp;&nbsp;&nbsp;&nbsp;&nbsp;&nbsp;&nbsp;&nbsp;&nbsp;&nbsp;&nbsp;&nbsp;&nbsp;&nbsp;&nbsp;&nbsp;&nbsp;&nbsp;&nbsp;&nbsp;&nbsp;&nbsp;&nbsp;&nbsp;&nbsp;&nbsp;&nbsp;&nbsp;&nbsp;&nbsp;&nbsp;&nbsp;&nbsp;&nbsp;&nbsp;&nbsp;&nbsp;&nbsp;&nbsp;&nbsp;&nbsp;&nbsp;&nbsp;&nbsp;&nbsp;&nbsp;&nbsp;&nbsp;&nbsp;&nbsp;&nbsp;&nbsp;&nbsp;&nbsp;&nbsp;&nbsp;&nbsp;&nbsp;&nbsp;&nbsp;&nbsp;&nbsp;&nbsp;&nbsp;&nbsp;&nbsp;&nbsp;&nbsp;&nbsp;&nbsp;&nbsp;&nbsp;&nbsp;&nbsp;&nbsp;&nbsp;&nbsp;&nbsp;&nbsp;&nbsp;&nbsp;&nbsp;&nbsp;&nbsp;&nbsp;&nbsp; <\/strong>Januar 2021 \/ Fr<\/td><\/tr><\/tbody><\/table><\/figure>\n\n\n\n<h2 class=\"wp-block-heading\" id=\"AbreiseSommer\">Checkliste Abreise (SOMMER)<\/h2>\n\n\n\n<figure class=\"wp-block-table\"><table><tbody><tr><td><strong>Aussenbereich<\/strong><\/td><\/tr><tr><td>Terrasse &gt; St\u00fchle und Sonnenschirm in Tenn versorgen, Tisch aufklappen<\/td><\/tr><tr><td>Fahne einziehen&nbsp; &gt;&gt; Stall<\/td><\/tr><tr><td>Garagentor nur zudr\u00fccken \/ nicht mit Schl\u00fcssel schliessen<\/td><\/tr><tr><td><strong>Im Haus<\/strong><\/td><\/tr><tr><td>Alle T\u00fcren und K\u00e4sten schliessen ( M\u00e4use! )<\/td><\/tr><tr><td>Alle Kippfenster kippen, auf oberer Veranda alle Fenster zu<\/td><\/tr><tr><td>Steckerleiste Medienecke in Stube ausschalten<\/td><\/tr><tr><td>Alle B\u00f6den feucht aufnehmen<\/td><\/tr><tr><td><strong>Abschliessen Aussenr\u00e4ume<\/strong><\/td><\/tr><tr><td>Werkstatt schliessen &gt;&gt; Schl\u00fcssel im K\u00fcchenschrank aufh\u00e4ngen<\/td><\/tr><tr><td>Kellereingang mit Vorh\u00e4ngeschloss schliessen<\/td><\/tr><tr><td>Aussent\u00fcre obere Wohnung und K\u00fcche abschliessen, Holzt\u00fcre schliessen<\/td><\/tr><tr><td>Schl\u00fcssel am vereinbarten Ort hinterlegen oder zur\u00fcckbringen<\/td><\/tr><tr><td><strong>Vor dem Weggehen<\/strong><\/td><\/tr><tr><td>Stecker in K\u00fcche ausziehen ausser K\u00fchlschrank nat\u00fcrlich<\/td><\/tr><tr><td>Lebensmittel aus K\u00fchlschrank \/ Brot aus K\u00fcchenkasten<\/td><\/tr><tr><td>Kehricht in K\u00fcbel Stall. Wenn der Geb\u00fchrensack voll ist, unten an der Oberriedstrasse in die Unterflurcontainer schmeissen<\/td><\/tr><tr><td>Boiler-Schalter am Sicherungskasten auf Null (beide Boiler)<\/td><\/tr><tr><td>Verbleibende Schmutzw\u00e4sche auf Waschmaschine legen oder Badzimmer-Boden<\/td><\/tr><tr><td>Gewaschene, noch nicht getrocknete Bettw\u00e4sche in oberer Veranda aufh\u00e4ngen<\/td><\/tr><tr><td>&nbsp;<\/td><\/tr><tr><td><strong>Hinweis<\/strong><\/td><\/tr><tr><td>Putzmittel sind in der K\u00fcchenkombination unten und auf der Waschmaschine.<\/td><\/tr><\/tbody><\/table><\/figure>\n\n\n\n<p><\/p>\n\n\n\n<h2 class=\"wp-block-heading\" id=\"AbreiseWinter\">Checkliste Abreise (WINTER)<\/h2>\n\n\n\n<div class=\"wp-block-columns is-layout-flex wp-container-core-columns-is-layout-9d6595d7 wp-block-columns-is-layout-flex\">\n<div class=\"wp-block-column is-layout-flow wp-block-column-is-layout-flow\" style=\"flex-basis:100%\">\n<div class=\"wp-block-columns is-layout-flex wp-container-core-columns-is-layout-9d6595d7 wp-block-columns-is-layout-flex\">\n<div class=\"wp-block-column is-layout-flow wp-block-column-is-layout-flow\" style=\"flex-basis:100%\">\n<figure class=\"wp-block-table is-style-stripes\"><table><tbody><tr><td><strong>Wasser abstellen und entleeren<\/strong><\/td><\/tr><tr><td>Haupthahn im Stall, hinter den S\u00e4cken, oben rechts, zudrehen (Viertelsdrehung)<\/td><\/tr><tr><td>Kessel unter den Entleerungshahn stellen, Hahnen \u00f6ffnen und offen lassen! Es sollte nur sehr wenig Wasser kommen, sonst ist der Haupthahn nicht richtig zu.<\/td><\/tr><tr><td>Alle Wasserhahnen im Haus sowohl \u201eKalt\u201c als auch \u201eWarm\u201c auf halbe Stellung \u00f6ffnen und Wasser ausfliessen lassen (es gurgelt in den Leitungen)<\/td><\/tr><tr><td>OBERGESCHOSS: Douche im OG, WC im OG sp\u00fclen, Sp\u00fclkasten entleeren, Waschraum im OG alle 4 Hahnen , beide Hahnen in der K\u00fcche<\/td><\/tr><tr><td>ERDGESCHOSS: Badewanne, Lavabo, WC-Kasten entleeren,<\/td><\/tr><tr><td>STALL: Kessel leeren, kontrollieren dass kein Wasser mehr fliesst, Kessel wieder unterstellen und Entleerungshahn <strong><u>offen lassen<\/u><\/strong> &nbsp;<\/td><\/tr><tr><td><strong>Boiler zur\u00fcckstellen<\/strong><\/td><\/tr><tr><td>Im Keller muss der Boiler wieder auf 20 Grad zur\u00fcckgestellt werden, sonst heizt er durch. Abdeckung am Hauptboiler vorne wegnehmen und am Thermostat mit dem Schraubenzieher von 60 auf 20 zur\u00fcck stellen. Im Sicherungskasten auf der Laube bleibt der Boiler eingeschaltet! Radiator im Kellerzimmer \u00f6ffnen (Stellung 5)<\/td><\/tr><tr><td><strong>Werkstatt schliessen<\/strong> und Schl\u00fcssel in Schl\u00fcsselkasten K\u00fcche h\u00e4ngen <strong>Kellereingang<\/strong>, H\u00e4ngeschloss schliessen \/ Radiator Kellerzimmer offen ?<\/td><\/tr><tr><td><strong>Stallt\u00fcre <\/strong>schliessen, Wolldecke innen aufh\u00e4ngen als Wind- und W\u00e4rmeschutz<\/td><\/tr><tr><td><strong>Frostschutz <\/strong>bei extremer K\u00e4lte (unter -15 Grad)<\/td><\/tr><tr><td>In jeden Ablauf (inkl. WC\u2019s) etwas Frostschutzkonzentrat leeren (ca. 1\/2 Joghurtbecher) Frotschutzmittel ist ganz hinten im Stall bei den Tablaren Gartenwerkzeug oder schon im Badezimmer unter dem Lavabo &nbsp;<\/td><\/tr><tr><td><strong>Stromschiene<\/strong> in der Stube unter dem Fernseher ausschalten. Stellt alle Ger\u00e4te ab. &nbsp;<\/td><\/tr><tr><td><strong>Heizung:<\/strong> Ofen ausgehen lassen. Falls er noch brennt, unten Luftklappe wenig \u00f6ffnen, dass er ausbrennt. Wo m\u00f6glich Asche leeren<\/td><\/tr><tr><td><strong>Umw\u00e4lzpumpe<\/strong> muss in Betrieb bleiben (gr\u00fcnes L\u00e4mpchen brennt), <strong>alle Radiatoren m\u00fcssen maximal offen sein <\/strong>(auch im Kellerzimmer) <strong>Cheminee-Ofen<\/strong> in der Veranda Asche leeren, ausgehen lassen<\/td><\/tr><tr id=\"Durchlauferhitzer\"><td>Beim <strong>roten Durchlauferhitzer<\/strong> <br><ul><li>1) pr\u00fcfen, dass die Sicherung nicht rausgefallen ist: Ganglicht einschalten, den Regler hochdrehen, bis durch ein Flackern des Ganglichtes erkennbar ist, dass der Thermostat des Durchlauferhitzers korrekt schaltet.<\/li><li>2a) Falls kein Flackern erkennbar ist: Mit dem <strong><em>angeh\u00e4ngten Imbusschl\u00fcssel<\/em><\/strong> durch Druck ins L\u00f6chlein links die Sicherung wieder einschalten (Klickger\u00e4usch). <br><em>Hinweis: Die Sicherung fliegt raus, wenn eine zu hohe Temperatur im Heizkreis erreicht wurde. <\/em><\/li><li>2b) Schritt 1 wiederholen.<\/li><li>3) Grundstellung \u201ePfeil blau\u201c auf \u201ePfeil blau\u201c wieder einstellen.&nbsp;<\/li><\/ul><\/td><\/tr><tr><td><strong>Elektroofen <\/strong>so einrichten, dass man ihn per SMS einschalten kann. NUR im Badezimmer einstecken da nur dort 10A abgesichert (Sicherungsproblem) &nbsp;<\/td><\/tr><tr><td><strong>T\u00fcren: &nbsp;<\/strong><em><u>Alle Zimmert\u00fcren schliessen<\/u><\/em>, oben wie unten ( wegen allf\u00e4lligen M\u00e4usen!). H\u00e4ngeschloss an Kellereingang schliessen &nbsp;&nbsp;&nbsp;&nbsp;&nbsp;&nbsp;&nbsp;&nbsp;&nbsp;&nbsp;&nbsp;&nbsp;&nbsp;&nbsp;&nbsp;&nbsp;&nbsp;&nbsp;&nbsp;&nbsp;&nbsp;&nbsp;&nbsp; <br>Haus-Schl\u00fcssel am vereinbarten Ort deponieren oder heim bringen &nbsp;<\/td><\/tr><tr><td><strong>&nbsp;&nbsp;&nbsp;&nbsp;&nbsp;&nbsp;&nbsp;&nbsp;&nbsp;&nbsp;&nbsp;&nbsp;&nbsp;&nbsp;&nbsp;&nbsp;&nbsp;&nbsp;&nbsp;&nbsp;&nbsp;&nbsp;&nbsp;&nbsp;&nbsp;&nbsp;&nbsp;&nbsp;&nbsp;&nbsp;&nbsp;&nbsp;&nbsp;&nbsp;&nbsp;&nbsp;&nbsp;&nbsp;&nbsp;&nbsp;&nbsp;&nbsp;&nbsp;&nbsp;&nbsp;&nbsp;&nbsp;&nbsp;&nbsp;&nbsp;&nbsp;&nbsp;&nbsp;&nbsp;&nbsp;&nbsp;&nbsp;&nbsp;&nbsp;&nbsp;&nbsp;&nbsp;&nbsp;&nbsp;&nbsp;&nbsp;&nbsp;&nbsp;&nbsp;&nbsp;&nbsp;&nbsp;&nbsp;&nbsp;&nbsp;&nbsp;&nbsp;&nbsp;&nbsp;&nbsp;&nbsp;&nbsp;&nbsp;&nbsp;&nbsp;&nbsp;&nbsp;&nbsp;&nbsp;&nbsp;&nbsp;&nbsp;&nbsp;&nbsp;&nbsp;&nbsp;&nbsp;&nbsp;&nbsp;&nbsp;&nbsp;&nbsp;&nbsp;&nbsp;&nbsp; <\/strong><em>Januar 2021 \/Fr<\/em> <em>&nbsp;<\/em><\/td><\/tr><\/tbody><\/table><\/figure>\n<\/div>\n<\/div>\n<\/div>\n<\/div>\n\n\n\n<p><\/p>\n\n\n\n<p><\/p>\n","protected":false},"excerpt":{"rendered":"<p>Aktuelle Webcam-Bilder &#8211; Checklisten f\u00fcr Ankunft Winter \/ Sommer &#8211; Abreise Winter \/ Sommer Checkliste Ankunft (WINTER) &nbsp;&nbsp; Elektro-Vorheizung von Zuhause aus einschalten Tel Nr 077 424 31 91 &nbsp;\/&nbsp; Code &nbsp;((bei Urban erfragen, falls nicht bekannt))&nbsp; Ger\u00e4t gibt Antwort&nbsp; \u00abON und liefert die Temperatur in \u00b0C\u00bb. Heizt die untere K\u00fcche innert 5 bis 6 Std elektrisch auf ca. 20 Grad. &nbsp;&nbsp; Strassenzustand f\u00fcr die Hubel-Strasse bei H.-P. Dubi nachfragen&nbsp; 079 656 74 40 , er w\u00fcrde auch pfl\u00fcgen wenn n\u00f6tig Heizung: Zur Sicherheit zuerst eine zerkn\u00fcllte Zeitung in den Ofen stecken und anz\u00fcnden. Verhindert \u201eOfehuuri\u201c und Rauch in der <a href=\"https:\/\/hubel-lenk.ch\/wordpress\/gut-zu-wissen\/\" class=\"read-more\">Weiterlesen<\/a><\/p>\n","protected":false},"author":1,"featured_media":0,"parent":0,"menu_order":3,"comment_status":"open","ping_status":"closed","template":"","meta":{"footnotes":""},"class_list":["post-17","page","type-page","status-publish","hentry"],"_links":{"self":[{"href":"https:\/\/hubel-lenk.ch\/wordpress\/wp-json\/wp\/v2\/pages\/17","targetHints":{"allow":["GET"]}}],"collection":[{"href":"https:\/\/hubel-lenk.ch\/wordpress\/wp-json\/wp\/v2\/pages"}],"about":[{"href":"https:\/\/hubel-lenk.ch\/wordpress\/wp-json\/wp\/v2\/types\/page"}],"author":[{"embeddable":true,"href":"https:\/\/hubel-lenk.ch\/wordpress\/wp-json\/wp\/v2\/users\/1"}],"replies":[{"embeddable":true,"href":"https:\/\/hubel-lenk.ch\/wordpress\/wp-json\/wp\/v2\/comments?post=17"}],"version-history":[{"count":33,"href":"https:\/\/hubel-lenk.ch\/wordpress\/wp-json\/wp\/v2\/pages\/17\/revisions"}],"predecessor-version":[{"id":227,"href":"https:\/\/hubel-lenk.ch\/wordpress\/wp-json\/wp\/v2\/pages\/17\/revisions\/227"}],"wp:attachment":[{"href":"https:\/\/hubel-lenk.ch\/wordpress\/wp-json\/wp\/v2\/media?parent=17"}],"curies":[{"name":"wp","href":"https:\/\/api.w.org\/{rel}","templated":true}]}}