{"id":15,"date":"2020-11-08T13:39:52","date_gmt":"2020-11-08T12:39:52","guid":{"rendered":"https:\/\/hubel-lenk.ch\/wordpress\/?page_id=15"},"modified":"2025-08-06T22:25:37","modified_gmt":"2025-08-06T21:25:37","slug":"raeume-ausstattung","status":"publish","type":"page","link":"https:\/\/hubel-lenk.ch\/wordpress\/raeume-ausstattung\/","title":{"rendered":"Ausstattung"},"content":{"rendered":"\n<h3 class=\"wp-block-heading\">Wasser \/ Abwasser<\/h3>\n\n\n\n<ul class=\"wp-block-list\">\n<li>Quellwasser aus eigener Brunnenstube (herrlich!)<\/li>\n\n\n\n<li>Abwasserfassung mit regelm\u00e4ssig gereinigter Sickergrube<\/li>\n<\/ul>\n\n\n\n<h3 class=\"wp-block-heading\">Heizung<\/h3>\n\n\n\n<ul class=\"wp-block-list\">\n<li>St\u00fcckholz-Heizung zum selber Feuern (Zentralheizung)<\/li>\n\n\n\n<li>Schweden-Ofen in der Veranda<\/li>\n\n\n\n<li>Elektro\u00f6feli f\u00fcr Notf\u00e4lle<\/li>\n\n\n\n<li>Durchlauferhitzer als Frostschutzmassnahme<\/li>\n<\/ul>\n\n\n\n<h3 class=\"wp-block-heading\">K\u00fcche<\/h3>\n\n\n\n<ul class=\"wp-block-list\">\n<li>pro Wohnung eine vollst\u00e4ndig ausger\u00fcstete K\u00fcche inkl. Geschirr und Kochutentsilien<\/li>\n\n\n\n<li>je ein Elektroherd mit Backofen<\/li>\n\n\n\n<li>Kaffeemaschinen (Filter, Espresso, Bialetti etc.)<\/li>\n<\/ul>\n\n\n\n<h3 class=\"wp-block-heading\">Spielmaterial<\/h3>\n\n\n\n<ul class=\"wp-block-list\">\n<li>Pingpong-Tisch mit Schl\u00e4gern und B\u00e4llen<\/li>\n\n\n\n<li>Dartscheibe f\u00fcr Aussen und Innen, inkl. Pfeile<\/li>\n\n\n\n<li>Gesellschafts- und Kartenspiele aller Art<\/li>\n<\/ul>\n\n\n\n<h3 class=\"wp-block-heading\">Werkstatt<\/h3>\n\n\n\n<ul class=\"wp-block-list\">\n<li>Ziemlich vollst\u00e4ndig ausger\u00fcstete Werkstatt f\u00fcr Holzarbeiten<\/li>\n<\/ul>\n\n\n\n<p><\/p>\n\n\n\n<p><\/p>\n","protected":false},"excerpt":{"rendered":"<p>Wasser \/ Abwasser Heizung K\u00fcche Spielmaterial Werkstatt<\/p>\n","protected":false},"author":1,"featured_media":0,"parent":0,"menu_order":2,"comment_status":"closed","ping_status":"closed","template":"","meta":{"footnotes":""},"class_list":["post-15","page","type-page","status-publish","hentry"],"_links":{"self":[{"href":"https:\/\/hubel-lenk.ch\/wordpress\/wp-json\/wp\/v2\/pages\/15","targetHints":{"allow":["GET"]}}],"collection":[{"href":"https:\/\/hubel-lenk.ch\/wordpress\/wp-json\/wp\/v2\/pages"}],"about":[{"href":"https:\/\/hubel-lenk.ch\/wordpress\/wp-json\/wp\/v2\/types\/page"}],"author":[{"embeddable":true,"href":"https:\/\/hubel-lenk.ch\/wordpress\/wp-json\/wp\/v2\/users\/1"}],"replies":[{"embeddable":true,"href":"https:\/\/hubel-lenk.ch\/wordpress\/wp-json\/wp\/v2\/comments?post=15"}],"version-history":[{"count":5,"href":"https:\/\/hubel-lenk.ch\/wordpress\/wp-json\/wp\/v2\/pages\/15\/revisions"}],"predecessor-version":[{"id":232,"href":"https:\/\/hubel-lenk.ch\/wordpress\/wp-json\/wp\/v2\/pages\/15\/revisions\/232"}],"wp:attachment":[{"href":"https:\/\/hubel-lenk.ch\/wordpress\/wp-json\/wp\/v2\/media?parent=15"}],"curies":[{"name":"wp","href":"https:\/\/api.w.org\/{rel}","templated":true}]}}